{"id":707,"date":"2023-08-25T14:39:44","date_gmt":"2023-08-25T19:39:44","guid":{"rendered":"https:\/\/equiposcertificadosaltura.com\/?page_id=707"},"modified":"2023-10-18T13:05:52","modified_gmt":"2023-10-18T18:05:52","slug":"remodelacion-comando-policia-de-bucaramanga-andamios-certificados-multidireccionales","status":"publish","type":"page","link":"https:\/\/equiposcertificadosaltura.com\/index.php\/remodelacion-comando-policia-de-bucaramanga-andamios-certificados-multidireccionales\/","title":{"rendered":"Remodelacion Comando Policia de Bucaramanga: Andamios Certificados Multidireccionales"},"content":{"rendered":"<style>.elementor-707 .elementor-element.elementor-element-1c6e7501{padding:100px 0px 100px 0px;}.elementor-707 .elementor-element.elementor-element-9b56911{--e-image-carousel-slides-to-show:1;}.elementor-707 .elementor-element.elementor-element-4bac5ad3{margin-top:50px;margin-bottom:0px;}.elementor-707 .elementor-element.elementor-element-3bc5357 > .elementor-widget-container{margin:0px 0px 20px 0px;}.elementor-707 .elementor-element.elementor-element-3bc5357 .elementor-heading-title{font-family:\"Roboto\", Sans-serif;font-size:48px;font-weight:600;color:var( --e-global-color-primary );}.elementor-707 .elementor-element.elementor-element-1f804b76{color:var( --e-global-color-accent );font-family:var( --e-global-typography-secondary-font-family ), Sans-serif;font-weight:var( --e-global-typography-secondary-font-weight );}.elementor-707 .elementor-element.elementor-element-6cffe60c .elementor-active .elementor-accordion-icon, .elementor-707 .elementor-element.elementor-element-6cffe60c .elementor-active .elementor-accordion-title{color:var( --e-global-color-secondary );}.elementor-707 .elementor-element.elementor-element-6cffe60c .elementor-active .elementor-accordion-icon svg{fill:var( --e-global-color-secondary );}.elementor-707 .elementor-element.elementor-element-6cffe60c .elementor-accordion-title{font-family:\"Roboto\", Sans-serif;font-size:25px;font-weight:600;}.elementor-707 .elementor-element.elementor-element-6cffe60c .elementor-tab-title{padding:25px 20px 25px 20px;}.elementor-707 .elementor-element.elementor-element-6cffe60c .elementor-accordion-icon.elementor-accordion-icon-left{margin-right:10px;}.elementor-707 .elementor-element.elementor-element-6cffe60c .elementor-accordion-icon.elementor-accordion-icon-right{margin-left:10px;}.elementor-707 .elementor-element.elementor-element-6cffe60c .elementor-tab-content{font-family:var( --e-global-typography-text-font-family ), Sans-serif;font-weight:var( --e-global-typography-text-font-weight );}.elementor-707 .elementor-element.elementor-element-91f3bae{color:var( --e-global-color-accent );font-family:var( --e-global-typography-secondary-font-family ), Sans-serif;font-weight:var( --e-global-typography-secondary-font-weight );}:root{--page-title-display:none;}<\/style>\t\t<div data-elementor-type=\"wp-page\" data-elementor-id=\"707\" class=\"elementor elementor-707\" data-elementor-post-type=\"page\">\n\t\t\t\t\t\t<section class=\"elementor-section elementor-top-section elementor-element elementor-element-1c6e7501 elementor-section-full_width elementor-section-height-default elementor-section-height-default\" data-id=\"1c6e7501\" data-element_type=\"section\">\n\t\t\t\t\t\t<div class=\"elementor-container elementor-column-gap-default\">\n\t\t\t\t\t<div class=\"elementor-column elementor-col-100 elementor-top-column elementor-element elementor-element-2319825c\" data-id=\"2319825c\" data-element_type=\"column\">\n\t\t\t<div class=\"elementor-widget-wrap elementor-element-populated\">\n\t\t\t\t\t\t<section class=\"elementor-section elementor-inner-section elementor-element elementor-element-795630ce elementor-section-boxed elementor-section-height-default elementor-section-height-default\" data-id=\"795630ce\" data-element_type=\"section\">\n\t\t\t\t\t\t<div class=\"elementor-container elementor-column-gap-default\">\n\t\t\t\t\t<div class=\"elementor-column elementor-col-100 elementor-inner-column elementor-element elementor-element-7eb7bc15\" data-id=\"7eb7bc15\" data-element_type=\"column\">\n\t\t\t<div class=\"elementor-widget-wrap elementor-element-populated\">\n\t\t\t\t\t\t<div class=\"elementor-element elementor-element-9b56911 elementor-arrows-position-inside elementor-widget elementor-widget-image-carousel\" data-id=\"9b56911\" data-element_type=\"widget\" data-settings=\"{&quot;slides_to_show&quot;:&quot;1&quot;,&quot;navigation&quot;:&quot;arrows&quot;,&quot;autoplay&quot;:&quot;yes&quot;,&quot;pause_on_hover&quot;:&quot;yes&quot;,&quot;pause_on_interaction&quot;:&quot;yes&quot;,&quot;autoplay_speed&quot;:5000,&quot;infinite&quot;:&quot;yes&quot;,&quot;effect&quot;:&quot;slide&quot;,&quot;speed&quot;:500}\" data-widget_type=\"image-carousel.default\">\n\t\t\t\t<div class=\"elementor-widget-container\">\n\t\t\t\t\t\t\t<div class=\"elementor-image-carousel-wrapper swiper\" role=\"region\" aria-roledescription=\"carousel\" aria-label=\"Carrusel de im\u00e1genes\" dir=\"ltr\">\n\t\t\t<div class=\"elementor-image-carousel swiper-wrapper\" aria-live=\"off\">\n\t\t\t\t\t\t\t\t<div class=\"swiper-slide\" role=\"group\" aria-roledescription=\"slide\" aria-label=\"1 de 10\"><figure class=\"swiper-slide-inner\"><img decoding=\"async\" class=\"swiper-slide-image\" src=\"https:\/\/equiposcertificadosaltura.com\/wp-content\/uploads\/elementor\/thumbs\/Andamios-certificados-1-min-scaled-qe1z47lb539m07c2zfytw10xe8j8e8ovmj7xyhegf4.jpg\" alt=\"Andamios certificados-1-min\" \/><\/figure><\/div><div class=\"swiper-slide\" role=\"group\" aria-roledescription=\"slide\" aria-label=\"2 de 10\"><figure class=\"swiper-slide-inner\"><img decoding=\"async\" class=\"swiper-slide-image\" src=\"https:\/\/equiposcertificadosaltura.com\/wp-content\/uploads\/elementor\/thumbs\/Andamios-certificados-2-min-scaled-qe1z4jt7lxqc74uc038zafxx48v06b1e07p972wc68.jpg\" alt=\"Andamios certificados-2-min\" \/><\/figure><\/div><div class=\"swiper-slide\" role=\"group\" aria-roledescription=\"slide\" aria-label=\"3 de 10\"><figure class=\"swiper-slide-inner\"><img decoding=\"async\" class=\"swiper-slide-image\" src=\"https:\/\/equiposcertificadosaltura.com\/wp-content\/uploads\/elementor\/thumbs\/Andamios-certificados-4-scaled-qe1z4yumnaaxcw8hk9r0ec5amesvlgp3ea50via1eo.jpg\" alt=\"Andamios certificados-4\" \/><\/figure><\/div><div class=\"swiper-slide\" role=\"group\" aria-roledescription=\"slide\" aria-label=\"4 de 10\"><figure class=\"swiper-slide-inner\"><img decoding=\"async\" class=\"swiper-slide-image\" src=\"https:\/\/equiposcertificadosaltura.com\/wp-content\/uploads\/elementor\/thumbs\/Andamios-certificados-6-scaled-qe1z5c0daysxvfpdfffsd8tqxt00l85c439tldqizk.jpg\" alt=\"Andamios certificados-6\" \/><\/figure><\/div><div class=\"swiper-slide\" role=\"group\" aria-roledescription=\"slide\" aria-label=\"5 de 10\"><figure class=\"swiper-slide-inner\"><img decoding=\"async\" class=\"swiper-slide-image\" src=\"https:\/\/equiposcertificadosaltura.com\/wp-content\/uploads\/elementor\/thumbs\/Andamios-certificados-7-scaled-qe1z5q3y5hc8pl4w53j6wn9nul2isopb6123sj5me8.jpg\" alt=\"Andamios certificados-7\" \/><\/figure><\/div><div class=\"swiper-slide\" role=\"group\" aria-roledescription=\"slide\" aria-label=\"6 de 10\"><figure class=\"swiper-slide-inner\"><img decoding=\"async\" class=\"swiper-slide-image\" src=\"https:\/\/equiposcertificadosaltura.com\/wp-content\/uploads\/elementor\/thumbs\/Andamios-certificados-14-qe1z5zic1tp3xor8m7lglkw9sfs6xnqmjbkylaroo0.jpg\" alt=\"Andamios certificados-14\" \/><\/figure><\/div><div class=\"swiper-slide\" role=\"group\" aria-roledescription=\"slide\" aria-label=\"7 de 10\"><figure class=\"swiper-slide-inner\"><img decoding=\"async\" class=\"swiper-slide-image\" src=\"https:\/\/equiposcertificadosaltura.com\/wp-content\/uploads\/elementor\/thumbs\/Andamios-certificados-16-qe1z60g68nqe9apvgq0362nqdtnk5cucvg8g2kqahs.jpg\" alt=\"Andamios certificados-16\" \/><\/figure><\/div><div class=\"swiper-slide\" role=\"group\" aria-roledescription=\"slide\" aria-label=\"8 de 10\"><figure class=\"swiper-slide-inner\"><img decoding=\"async\" class=\"swiper-slide-image\" src=\"https:\/\/equiposcertificadosaltura.com\/wp-content\/uploads\/elementor\/thumbs\/Andamios-certificados-18-qe1z639ot5u984ls097yvjy45z9nsg5jvu6wiem3z4.jpg\" alt=\"Andamios certificados-18\" \/><\/figure><\/div><div class=\"swiper-slide\" role=\"group\" aria-roledescription=\"slide\" aria-label=\"9 de 10\"><figure class=\"swiper-slide-inner\"><img decoding=\"async\" class=\"swiper-slide-image\" src=\"https:\/\/equiposcertificadosaltura.com\/wp-content\/uploads\/elementor\/thumbs\/Andamios-certificados-19-qe1z655d6twtvcj1pa180jh1cr0e7ud0k3hvgyjbmo.jpg\" alt=\"Andamios certificados-19\" \/><\/figure><\/div><div class=\"swiper-slide\" role=\"group\" aria-roledescription=\"slide\" aria-label=\"10 de 10\"><figure class=\"swiper-slide-inner\"><img decoding=\"async\" class=\"swiper-slide-image\" src=\"https:\/\/equiposcertificadosaltura.com\/wp-content\/uploads\/elementor\/thumbs\/Andamios-certificados-20-qe1z6711khzeikgbeauh5izyjir4n8kh8csufigja8.jpg\" alt=\"Andamios certificados-20\" \/><\/figure><\/div>\t\t\t<\/div>\n\t\t\t\t\t\t\t\t\t\t\t\t<div class=\"elementor-swiper-button elementor-swiper-button-prev\" role=\"button\" tabindex=\"0\">\n\t\t\t\t\t\t<i aria-hidden=\"true\" class=\"eicon-chevron-left\"><\/i>\t\t\t\t\t<\/div>\n\t\t\t\t\t<div class=\"elementor-swiper-button elementor-swiper-button-next\" role=\"button\" tabindex=\"0\">\n\t\t\t\t\t\t<i aria-hidden=\"true\" class=\"eicon-chevron-right\"><\/i>\t\t\t\t\t<\/div>\n\t\t\t\t\n\t\t\t\t\t\t\t\t\t<\/div>\n\t\t\t\t\t\t<\/div>\n\t\t\t\t<\/div>\n\t\t\t\t\t<\/div>\n\t\t<\/div>\n\t\t\t\t\t<\/div>\n\t\t<\/section>\n\t\t\t\t<section class=\"elementor-section elementor-inner-section elementor-element elementor-element-4bac5ad3 elementor-section-boxed elementor-section-height-default elementor-section-height-default\" data-id=\"4bac5ad3\" data-element_type=\"section\">\n\t\t\t\t\t\t<div class=\"elementor-container elementor-column-gap-default\">\n\t\t\t\t\t<div class=\"elementor-column elementor-col-100 elementor-inner-column elementor-element elementor-element-36906495\" data-id=\"36906495\" data-element_type=\"column\">\n\t\t\t<div class=\"elementor-widget-wrap elementor-element-populated\">\n\t\t\t\t\t\t<div class=\"elementor-element elementor-element-3bc5357 elementor-widget elementor-widget-heading\" data-id=\"3bc5357\" data-element_type=\"widget\" data-widget_type=\"heading.default\">\n\t\t\t\t<div class=\"elementor-widget-container\">\n\t\t\t\t\t<h5 class=\"elementor-heading-title elementor-size-default\">Datos del proyecto<\/h5>\t\t\t\t<\/div>\n\t\t\t\t<\/div>\n\t\t\t\t<div class=\"elementor-element elementor-element-1f804b76 elementor-widget elementor-widget-text-editor\" data-id=\"1f804b76\" data-element_type=\"widget\" data-widget_type=\"text-editor.default\">\n\t\t\t\t<div class=\"elementor-widget-container\">\n\t\t\t\t\t\t\t\t\t<p>Durante finales del a\u00f1o 2018, nuestra empresa particip\u00f3 en un proyecto de gran envergadura que involucr\u00f3 la provisi\u00f3n y montaje de equipos esenciales para la remodelaci\u00f3n y adecuaci\u00f3n del Comando Metropolitano de la Polic\u00eda en Bucaramanga. Ubicado en el coraz\u00f3n de la ciudad, este proyecto requer\u00eda una soluci\u00f3n eficiente y segura para llevar a cabo las tareas necesarias.<\/p><p>En este ambicioso proyecto, se dispusieron diferentes elementos de andamio certificado que result\u00f3 en la utilizaci\u00f3n de 7 torres de andamio certificado de 12 metros de altura, cada una con una baranda de protecci\u00f3n. Estas torres, de dimensiones 3&#215;1,40 metros, se conectaron mediante pasarelas de 3 metros de largo, creando una estructura s\u00f3lida a alturas de 8 y 10 metros. El andamio certificado abarc\u00f3 tanto la fachada exterior como la interna del Comando de la Polic\u00eda Central de Bucaramanga, asegurando un entorno de trabajo seguro y eficiente.<\/p><p>Adem\u00e1s, como parte integral de este proyecto, suministramos dos elevadores el\u00e9ctricos de tijera que permitieron realizar trabajos a una altura de 12 metros. Estos elevadores brindaron una soluci\u00f3n vers\u00e1til y confiable para llevar a cabo las tareas necesarias en diferentes \u00e1reas del Comando.<\/p>\t\t\t\t\t\t\t\t<\/div>\n\t\t\t\t<\/div>\n\t\t\t\t<div class=\"elementor-element elementor-element-6cffe60c elementor-widget elementor-widget-accordion\" data-id=\"6cffe60c\" data-element_type=\"widget\" data-widget_type=\"accordion.default\">\n\t\t\t\t<div class=\"elementor-widget-container\">\n\t\t\t\t\t\t\t<div class=\"elementor-accordion\">\n\t\t\t\t\t\t\t<div class=\"elementor-accordion-item\">\n\t\t\t\t\t<div id=\"elementor-tab-title-1821\" class=\"elementor-tab-title\" data-tab=\"1\" role=\"button\" aria-controls=\"elementor-tab-content-1821\" aria-expanded=\"false\">\n\t\t\t\t\t\t\t\t\t\t\t\t\t<span class=\"elementor-accordion-icon elementor-accordion-icon-left\" aria-hidden=\"true\">\n\t\t\t\t\t\t\t\t\t\t\t\t\t\t\t<span class=\"elementor-accordion-icon-closed\"><i class=\"fas fa-plus\"><\/i><\/span>\n\t\t\t\t\t\t\t\t<span class=\"elementor-accordion-icon-opened\"><i class=\"fas fa-minus\"><\/i><\/span>\n\t\t\t\t\t\t\t\t\t\t\t\t\t\t<\/span>\n\t\t\t\t\t\t\t\t\t\t\t\t<a class=\"elementor-accordion-title\" tabindex=\"0\">Beneficios y Seguridad:<\/a>\n\t\t\t\t\t<\/div>\n\t\t\t\t\t<div id=\"elementor-tab-content-1821\" class=\"elementor-tab-content elementor-clearfix\" data-tab=\"1\" role=\"region\" aria-labelledby=\"elementor-tab-title-1821\"><p>El \u00e9xito de este proyecto demostr\u00f3 la capacidad de nuestra empresa para proporcionar soluciones integrales y adaptadas a las necesidades espec\u00edficas de nuestros clientes, asegurando tanto la seguridad como la eficiencia en cada etapa del proceso de remodelaci\u00f3n y adecuaci\u00f3n.<\/p><\/div>\n\t\t\t\t<\/div>\n\t\t\t\t\t\t\t\t<\/div>\n\t\t\t\t\t\t<\/div>\n\t\t\t\t<\/div>\n\t\t\t\t<div class=\"elementor-element elementor-element-91f3bae elementor-widget elementor-widget-text-editor\" data-id=\"91f3bae\" data-element_type=\"widget\" data-widget_type=\"text-editor.default\">\n\t\t\t\t<div class=\"elementor-widget-container\">\n\t\t\t\t\t\t\t\t\t<p>Para consultas adicionales o para obtener informaci\u00f3n detallada sobre este proyecto y nuestros servicios, no dudes en ponerte en contacto con nosotros a trav\u00e9s de gerencia@sapmansas.com o al 3185161455<\/p>\t\t\t\t\t\t\t\t<\/div>\n\t\t\t\t<\/div>\n\t\t\t\t\t<\/div>\n\t\t<\/div>\n\t\t\t\t\t<\/div>\n\t\t<\/section>\n\t\t\t\t\t<\/div>\n\t\t<\/div>\n\t\t\t\t\t<\/div>\n\t\t<\/section>\n\t\t\t\t<\/div>\n\t\t","protected":false},"excerpt":{"rendered":"<p>Datos del proyecto Durante finales del a\u00f1o 2018, nuestra empresa particip\u00f3 en un proyecto de gran envergadura que involucr\u00f3 la provisi\u00f3n y montaje de equipos esenciales para la remodelaci\u00f3n y adecuaci\u00f3n del Comando Metropolitano de la Polic\u00eda en Bucaramanga. Ubicado en el coraz\u00f3n de la ciudad, este proyecto requer\u00eda una soluci\u00f3n eficiente y segura para [&hellip;]<\/p>\n","protected":false},"author":1,"featured_media":0,"parent":0,"menu_order":0,"comment_status":"open","ping_status":"closed","template":"elementor_header_footer","meta":{"footnotes":"","_joinchat":[]},"yoast_head":"<!-- This site is optimized with the Yoast SEO plugin v22.2 - https:\/\/yoast.com\/wordpress\/plugins\/seo\/ -->\n<title>Remodelacion Comando Policia de Bucaramanga: Andamios Certificados Multidireccionales - SAPMAN SAS<\/title>\n<meta name=\"robots\" content=\"index, follow, max-snippet:-1, max-image-preview:large, max-video-preview:-1\" \/>\n<link rel=\"canonical\" href=\"https:\/\/equiposcertificadosaltura.com\/index.php\/remodelacion-comando-policia-de-bucaramanga-andamios-certificados-multidireccionales\/\" \/>\n<meta property=\"og:locale\" content=\"es_ES\" \/>\n<meta property=\"og:type\" content=\"article\" \/>\n<meta property=\"og:title\" content=\"Remodelacion Comando Policia de Bucaramanga: Andamios Certificados Multidireccionales - SAPMAN SAS\" \/>\n<meta property=\"og:description\" content=\"Datos del proyecto Durante finales del a\u00f1o 2018, nuestra empresa particip\u00f3 en un proyecto de gran envergadura que involucr\u00f3 la provisi\u00f3n y montaje de equipos esenciales para la remodelaci\u00f3n y adecuaci\u00f3n del Comando Metropolitano de la Polic\u00eda en Bucaramanga. Ubicado en el coraz\u00f3n de la ciudad, este proyecto requer\u00eda una soluci\u00f3n eficiente y segura para [&hellip;]\" \/>\n<meta property=\"og:url\" content=\"https:\/\/equiposcertificadosaltura.com\/index.php\/remodelacion-comando-policia-de-bucaramanga-andamios-certificados-multidireccionales\/\" \/>\n<meta property=\"og:site_name\" content=\"SAPMAN SAS\" \/>\n<meta property=\"article:modified_time\" content=\"2023-10-18T18:05:52+00:00\" \/>\n<meta property=\"og:image\" content=\"https:\/\/equiposcertificadosaltura.com\/wp-content\/uploads\/elementor\/thumbs\/Andamios-certificados-1-min-scaled-qe1z47lb539m07c2zfytw10xe8j8e8ovmj7xyhegf4.jpg\" \/>\n<meta name=\"twitter:card\" content=\"summary_large_image\" \/>\n<meta name=\"twitter:label1\" content=\"Tiempo de lectura\" \/>\n\t<meta name=\"twitter:data1\" content=\"1 minuto\" \/>\n<script type=\"application\/ld+json\" class=\"yoast-schema-graph\">{\"@context\":\"https:\/\/schema.org\",\"@graph\":[{\"@type\":\"WebPage\",\"@id\":\"https:\/\/equiposcertificadosaltura.com\/index.php\/remodelacion-comando-policia-de-bucaramanga-andamios-certificados-multidireccionales\/\",\"url\":\"https:\/\/equiposcertificadosaltura.com\/index.php\/remodelacion-comando-policia-de-bucaramanga-andamios-certificados-multidireccionales\/\",\"name\":\"Remodelacion Comando Policia de Bucaramanga: Andamios Certificados Multidireccionales - SAPMAN SAS\",\"isPartOf\":{\"@id\":\"https:\/\/equiposcertificadosaltura.com\/#website\"},\"primaryImageOfPage\":{\"@id\":\"https:\/\/equiposcertificadosaltura.com\/index.php\/remodelacion-comando-policia-de-bucaramanga-andamios-certificados-multidireccionales\/#primaryimage\"},\"image\":{\"@id\":\"https:\/\/equiposcertificadosaltura.com\/index.php\/remodelacion-comando-policia-de-bucaramanga-andamios-certificados-multidireccionales\/#primaryimage\"},\"thumbnailUrl\":\"https:\/\/equiposcertificadosaltura.com\/wp-content\/uploads\/elementor\/thumbs\/Andamios-certificados-1-min-scaled-qe1z47lb539m07c2zfytw10xe8j8e8ovmj7xyhegf4.jpg\",\"datePublished\":\"2023-08-25T19:39:44+00:00\",\"dateModified\":\"2023-10-18T18:05:52+00:00\",\"breadcrumb\":{\"@id\":\"https:\/\/equiposcertificadosaltura.com\/index.php\/remodelacion-comando-policia-de-bucaramanga-andamios-certificados-multidireccionales\/#breadcrumb\"},\"inLanguage\":\"es\",\"potentialAction\":[{\"@type\":\"ReadAction\",\"target\":[\"https:\/\/equiposcertificadosaltura.com\/index.php\/remodelacion-comando-policia-de-bucaramanga-andamios-certificados-multidireccionales\/\"]}]},{\"@type\":\"ImageObject\",\"inLanguage\":\"es\",\"@id\":\"https:\/\/equiposcertificadosaltura.com\/index.php\/remodelacion-comando-policia-de-bucaramanga-andamios-certificados-multidireccionales\/#primaryimage\",\"url\":\"https:\/\/equiposcertificadosaltura.com\/wp-content\/uploads\/elementor\/thumbs\/Andamios-certificados-1-min-scaled-qe1z47lb539m07c2zfytw10xe8j8e8ovmj7xyhegf4.jpg\",\"contentUrl\":\"https:\/\/equiposcertificadosaltura.com\/wp-content\/uploads\/elementor\/thumbs\/Andamios-certificados-1-min-scaled-qe1z47lb539m07c2zfytw10xe8j8e8ovmj7xyhegf4.jpg\"},{\"@type\":\"BreadcrumbList\",\"@id\":\"https:\/\/equiposcertificadosaltura.com\/index.php\/remodelacion-comando-policia-de-bucaramanga-andamios-certificados-multidireccionales\/#breadcrumb\",\"itemListElement\":[{\"@type\":\"ListItem\",\"position\":1,\"name\":\"Portada\",\"item\":\"https:\/\/equiposcertificadosaltura.com\/\"},{\"@type\":\"ListItem\",\"position\":2,\"name\":\"Remodelacion Comando Policia de Bucaramanga: Andamios Certificados Multidireccionales\"}]},{\"@type\":\"WebSite\",\"@id\":\"https:\/\/equiposcertificadosaltura.com\/#website\",\"url\":\"https:\/\/equiposcertificadosaltura.com\/\",\"name\":\"SAPMAN SAS\",\"description\":\"Alquiler de Andamios certificados\",\"publisher\":{\"@id\":\"https:\/\/equiposcertificadosaltura.com\/#organization\"},\"potentialAction\":[{\"@type\":\"SearchAction\",\"target\":{\"@type\":\"EntryPoint\",\"urlTemplate\":\"https:\/\/equiposcertificadosaltura.com\/?s={search_term_string}\"},\"query-input\":\"required name=search_term_string\"}],\"inLanguage\":\"es\"},{\"@type\":\"Organization\",\"@id\":\"https:\/\/equiposcertificadosaltura.com\/#organization\",\"name\":\"SAPMAN SAS\",\"url\":\"https:\/\/equiposcertificadosaltura.com\/\",\"logo\":{\"@type\":\"ImageObject\",\"inLanguage\":\"es\",\"@id\":\"https:\/\/equiposcertificadosaltura.com\/#\/schema\/logo\/image\/\",\"url\":\"https:\/\/equiposcertificadosaltura.com\/wp-content\/uploads\/2023\/08\/Imagen-de-WhatsApp-2023-07-31-a-las-19.16.17.jpg\",\"contentUrl\":\"https:\/\/equiposcertificadosaltura.com\/wp-content\/uploads\/2023\/08\/Imagen-de-WhatsApp-2023-07-31-a-las-19.16.17.jpg\",\"width\":969,\"height\":356,\"caption\":\"SAPMAN SAS\"},\"image\":{\"@id\":\"https:\/\/equiposcertificadosaltura.com\/#\/schema\/logo\/image\/\"}}]}<\/script>\n<!-- \/ Yoast SEO plugin. -->","yoast_head_json":{"title":"Remodelacion Comando Policia de Bucaramanga: Andamios Certificados Multidireccionales - SAPMAN SAS","robots":{"index":"index","follow":"follow","max-snippet":"max-snippet:-1","max-image-preview":"max-image-preview:large","max-video-preview":"max-video-preview:-1"},"canonical":"https:\/\/equiposcertificadosaltura.com\/index.php\/remodelacion-comando-policia-de-bucaramanga-andamios-certificados-multidireccionales\/","og_locale":"es_ES","og_type":"article","og_title":"Remodelacion Comando Policia de Bucaramanga: Andamios Certificados Multidireccionales - SAPMAN SAS","og_description":"Datos del proyecto Durante finales del a\u00f1o 2018, nuestra empresa particip\u00f3 en un proyecto de gran envergadura que involucr\u00f3 la provisi\u00f3n y montaje de equipos esenciales para la remodelaci\u00f3n y adecuaci\u00f3n del Comando Metropolitano de la Polic\u00eda en Bucaramanga. Ubicado en el coraz\u00f3n de la ciudad, este proyecto requer\u00eda una soluci\u00f3n eficiente y segura para [&hellip;]","og_url":"https:\/\/equiposcertificadosaltura.com\/index.php\/remodelacion-comando-policia-de-bucaramanga-andamios-certificados-multidireccionales\/","og_site_name":"SAPMAN SAS","article_modified_time":"2023-10-18T18:05:52+00:00","og_image":[{"url":"https:\/\/equiposcertificadosaltura.com\/wp-content\/uploads\/elementor\/thumbs\/Andamios-certificados-1-min-scaled-qe1z47lb539m07c2zfytw10xe8j8e8ovmj7xyhegf4.jpg"}],"twitter_card":"summary_large_image","twitter_misc":{"Tiempo de lectura":"1 minuto"},"schema":{"@context":"https:\/\/schema.org","@graph":[{"@type":"WebPage","@id":"https:\/\/equiposcertificadosaltura.com\/index.php\/remodelacion-comando-policia-de-bucaramanga-andamios-certificados-multidireccionales\/","url":"https:\/\/equiposcertificadosaltura.com\/index.php\/remodelacion-comando-policia-de-bucaramanga-andamios-certificados-multidireccionales\/","name":"Remodelacion Comando Policia de Bucaramanga: Andamios Certificados Multidireccionales - SAPMAN SAS","isPartOf":{"@id":"https:\/\/equiposcertificadosaltura.com\/#website"},"primaryImageOfPage":{"@id":"https:\/\/equiposcertificadosaltura.com\/index.php\/remodelacion-comando-policia-de-bucaramanga-andamios-certificados-multidireccionales\/#primaryimage"},"image":{"@id":"https:\/\/equiposcertificadosaltura.com\/index.php\/remodelacion-comando-policia-de-bucaramanga-andamios-certificados-multidireccionales\/#primaryimage"},"thumbnailUrl":"https:\/\/equiposcertificadosaltura.com\/wp-content\/uploads\/elementor\/thumbs\/Andamios-certificados-1-min-scaled-qe1z47lb539m07c2zfytw10xe8j8e8ovmj7xyhegf4.jpg","datePublished":"2023-08-25T19:39:44+00:00","dateModified":"2023-10-18T18:05:52+00:00","breadcrumb":{"@id":"https:\/\/equiposcertificadosaltura.com\/index.php\/remodelacion-comando-policia-de-bucaramanga-andamios-certificados-multidireccionales\/#breadcrumb"},"inLanguage":"es","potentialAction":[{"@type":"ReadAction","target":["https:\/\/equiposcertificadosaltura.com\/index.php\/remodelacion-comando-policia-de-bucaramanga-andamios-certificados-multidireccionales\/"]}]},{"@type":"ImageObject","inLanguage":"es","@id":"https:\/\/equiposcertificadosaltura.com\/index.php\/remodelacion-comando-policia-de-bucaramanga-andamios-certificados-multidireccionales\/#primaryimage","url":"https:\/\/equiposcertificadosaltura.com\/wp-content\/uploads\/elementor\/thumbs\/Andamios-certificados-1-min-scaled-qe1z47lb539m07c2zfytw10xe8j8e8ovmj7xyhegf4.jpg","contentUrl":"https:\/\/equiposcertificadosaltura.com\/wp-content\/uploads\/elementor\/thumbs\/Andamios-certificados-1-min-scaled-qe1z47lb539m07c2zfytw10xe8j8e8ovmj7xyhegf4.jpg"},{"@type":"BreadcrumbList","@id":"https:\/\/equiposcertificadosaltura.com\/index.php\/remodelacion-comando-policia-de-bucaramanga-andamios-certificados-multidireccionales\/#breadcrumb","itemListElement":[{"@type":"ListItem","position":1,"name":"Portada","item":"https:\/\/equiposcertificadosaltura.com\/"},{"@type":"ListItem","position":2,"name":"Remodelacion Comando Policia de Bucaramanga: Andamios Certificados Multidireccionales"}]},{"@type":"WebSite","@id":"https:\/\/equiposcertificadosaltura.com\/#website","url":"https:\/\/equiposcertificadosaltura.com\/","name":"SAPMAN SAS","description":"Alquiler de Andamios certificados","publisher":{"@id":"https:\/\/equiposcertificadosaltura.com\/#organization"},"potentialAction":[{"@type":"SearchAction","target":{"@type":"EntryPoint","urlTemplate":"https:\/\/equiposcertificadosaltura.com\/?s={search_term_string}"},"query-input":"required name=search_term_string"}],"inLanguage":"es"},{"@type":"Organization","@id":"https:\/\/equiposcertificadosaltura.com\/#organization","name":"SAPMAN SAS","url":"https:\/\/equiposcertificadosaltura.com\/","logo":{"@type":"ImageObject","inLanguage":"es","@id":"https:\/\/equiposcertificadosaltura.com\/#\/schema\/logo\/image\/","url":"https:\/\/equiposcertificadosaltura.com\/wp-content\/uploads\/2023\/08\/Imagen-de-WhatsApp-2023-07-31-a-las-19.16.17.jpg","contentUrl":"https:\/\/equiposcertificadosaltura.com\/wp-content\/uploads\/2023\/08\/Imagen-de-WhatsApp-2023-07-31-a-las-19.16.17.jpg","width":969,"height":356,"caption":"SAPMAN SAS"},"image":{"@id":"https:\/\/equiposcertificadosaltura.com\/#\/schema\/logo\/image\/"}}]}},"_links":{"self":[{"href":"https:\/\/equiposcertificadosaltura.com\/index.php\/wp-json\/wp\/v2\/pages\/707"}],"collection":[{"href":"https:\/\/equiposcertificadosaltura.com\/index.php\/wp-json\/wp\/v2\/pages"}],"about":[{"href":"https:\/\/equiposcertificadosaltura.com\/index.php\/wp-json\/wp\/v2\/types\/page"}],"author":[{"embeddable":true,"href":"https:\/\/equiposcertificadosaltura.com\/index.php\/wp-json\/wp\/v2\/users\/1"}],"replies":[{"embeddable":true,"href":"https:\/\/equiposcertificadosaltura.com\/index.php\/wp-json\/wp\/v2\/comments?post=707"}],"version-history":[{"count":7,"href":"https:\/\/equiposcertificadosaltura.com\/index.php\/wp-json\/wp\/v2\/pages\/707\/revisions"}],"predecessor-version":[{"id":1182,"href":"https:\/\/equiposcertificadosaltura.com\/index.php\/wp-json\/wp\/v2\/pages\/707\/revisions\/1182"}],"wp:attachment":[{"href":"https:\/\/equiposcertificadosaltura.com\/index.php\/wp-json\/wp\/v2\/media?parent=707"}],"curies":[{"name":"wp","href":"https:\/\/api.w.org\/{rel}","templated":true}]}}