{"id":200,"date":"2023-08-17T15:18:28","date_gmt":"2023-08-17T20:18:28","guid":{"rendered":"https:\/\/equiposcertificadosaltura.com\/?page_id=200"},"modified":"2024-07-31T10:55:46","modified_gmt":"2024-07-31T15:55:46","slug":"disenos","status":"publish","type":"page","link":"https:\/\/equiposcertificadosaltura.com\/index.php\/disenos\/","title":{"rendered":"Dise\u00f1os"},"content":{"rendered":"<style>.elementor-200 .elementor-element.elementor-element-2fdfc857:not(.elementor-motion-effects-element-type-background), .elementor-200 .elementor-element.elementor-element-2fdfc857 > .elementor-motion-effects-container > .elementor-motion-effects-layer{background-image:url(\"https:\/\/equiposcertificadosaltura.com\/wp-content\/uploads\/2023\/08\/hero-4.jpg\");background-position:center center;background-repeat:no-repeat;background-size:cover;}.elementor-200 .elementor-element.elementor-element-2fdfc857 > .elementor-background-overlay{opacity:0.2;transition:background 0.3s, border-radius 0.3s, opacity 0.3s;}.elementor-200 .elementor-element.elementor-element-2fdfc857{transition:background 0.3s, border 0.3s, border-radius 0.3s, box-shadow 0.3s;padding:110px 0px 70px 0px;}.elementor-200 .elementor-element.elementor-element-054e2ad{text-align:center;}.elementor-200 .elementor-element.elementor-element-054e2ad .elementor-heading-title{font-family:var( --e-global-typography-primary-font-family ), Sans-serif;font-weight:var( --e-global-typography-primary-font-weight );color:var( --e-global-color-text );}.elementor-200 .elementor-element.elementor-element-3774cd63{margin-top:54px;margin-bottom:54px;padding:19px 19px 19px 19px;}.elementor-200 .elementor-element.elementor-element-3d330b8d.elementor-column > .elementor-widget-wrap{justify-content:center;}.elementor-200 .elementor-element.elementor-element-313873eb{text-align:center;}.elementor-200 .elementor-element.elementor-element-313873eb .elementor-heading-title{font-family:\"Roboto\", Sans-serif;font-size:50px;font-weight:600;-webkit-text-stroke-width:0px;stroke-width:0px;-webkit-text-stroke-color:#000;stroke:#000;text-shadow:0px 0px 10px rgba(0,0,0,0.3);color:var( --e-global-color-primary );}.elementor-200 .elementor-element.elementor-element-1815616e .pp-divider, .elementor-200 .elementor-element.elementor-element-1815616e .divider-border{border-style:solid;border-color:var( --e-global-color-accent );}.elementor-200 .elementor-element.elementor-element-1815616e .pp-divider.horizontal{width:1130px;border-bottom-width:5px;}.elementor-200 .elementor-element.elementor-element-1815616e .pp-divider.pp-divider-horizontal{width:1130px;border-bottom-width:5px;}.elementor-200 .elementor-element.elementor-element-1815616e .divider-text-container{width:1130px;}.elementor-200 .elementor-element.elementor-element-1815616e{text-align:center;}.elementor-200 .elementor-element.elementor-element-1815616e .divider-border{border-top-width:5px;}.elementor-200 .elementor-element.elementor-element-16cf954 > .elementor-widget-container{margin:32px 32px 0px 32px;padding:0px 0px 0px 0px;}.elementor-200 .elementor-element.elementor-element-16cf954{text-align:justify;}.elementor-200 .elementor-element.elementor-element-2fed218{margin-top:0px;margin-bottom:50px;padding:0px 0px 0px 0px;}:root{--page-title-display:none;}<\/style>\t\t<div data-elementor-type=\"wp-page\" data-elementor-id=\"200\" class=\"elementor elementor-200\" data-elementor-post-type=\"page\">\n\t\t\t\t\t\t<section class=\"elementor-section elementor-top-section elementor-element elementor-element-2fdfc857 elementor-section-boxed elementor-section-height-default elementor-section-height-default\" data-id=\"2fdfc857\" data-element_type=\"section\" data-settings=\"{&quot;background_background&quot;:&quot;classic&quot;}\">\n\t\t\t\t\t\t\t<div class=\"elementor-background-overlay\"><\/div>\n\t\t\t\t\t\t\t<div class=\"elementor-container elementor-column-gap-default\">\n\t\t\t\t\t<div class=\"elementor-column elementor-col-100 elementor-top-column elementor-element elementor-element-6bef135\" data-id=\"6bef135\" data-element_type=\"column\">\n\t\t\t<div class=\"elementor-widget-wrap elementor-element-populated\">\n\t\t\t\t\t\t<div class=\"elementor-element elementor-element-054e2ad elementor-widget elementor-widget-heading\" data-id=\"054e2ad\" data-element_type=\"widget\" data-widget_type=\"heading.default\">\n\t\t\t\t<div class=\"elementor-widget-container\">\n\t\t\t\t\t<h2 class=\"elementor-heading-title elementor-size-default\">Dise\u00f1os<\/h2>\t\t\t\t<\/div>\n\t\t\t\t<\/div>\n\t\t\t\t\t<\/div>\n\t\t<\/div>\n\t\t\t\t\t<\/div>\n\t\t<\/section>\n\t\t\t\t<section class=\"elementor-section elementor-top-section elementor-element elementor-element-3774cd63 elementor-section-boxed elementor-section-height-default elementor-section-height-default\" data-id=\"3774cd63\" data-element_type=\"section\">\n\t\t\t\t\t\t<div class=\"elementor-container elementor-column-gap-default\">\n\t\t\t\t\t<div class=\"elementor-column elementor-col-100 elementor-top-column elementor-element elementor-element-3d330b8d\" data-id=\"3d330b8d\" data-element_type=\"column\">\n\t\t\t<div class=\"elementor-widget-wrap elementor-element-populated\">\n\t\t\t\t\t\t<div class=\"elementor-element elementor-element-313873eb elementor-widget elementor-widget-heading\" data-id=\"313873eb\" data-element_type=\"widget\" data-widget_type=\"heading.default\">\n\t\t\t\t<div class=\"elementor-widget-container\">\n\t\t\t\t\t<h2 class=\"elementor-heading-title elementor-size-default\">Dise\u00f1o andamios certificados <\/h2>\t\t\t\t<\/div>\n\t\t\t\t<\/div>\n\t\t\t\t<div class=\"elementor-element elementor-element-1815616e elementor-widget elementor-widget-pp-divider\" data-id=\"1815616e\" data-element_type=\"widget\" data-widget_type=\"pp-divider.default\">\n\t\t\t\t<div class=\"elementor-widget-container\">\n\t\t\t\t\t\t\t<div class=\"pp-divider-wrap\">\n\t\t\t\t\t\t\t<div class=\"pp-divider pp-divider-horizontal horizontal\"><\/div>\n\t\t\t\t\t\t<\/div>    \n\t\t\t\t\t\t<\/div>\n\t\t\t\t<\/div>\n\t\t\t\t<div class=\"elementor-element elementor-element-16cf954 elementor-widget elementor-widget-text-editor\" data-id=\"16cf954\" data-element_type=\"widget\" data-widget_type=\"text-editor.default\">\n\t\t\t\t<div class=\"elementor-widget-container\">\n\t\t\t\t\t\t\t\t\t<p>En SAPMAN SAS, entendemos la importancia de contar con andamios certificados multidireccionales que se adapten perfectamente a las necesidades espec\u00edficas de tus proyectos. Estamos para servir y acompa\u00f1ar al cliente en Rionegro, Llanogrande y municipios aleda\u00f1os en el departamento de Antioquia, asi como en Bucaramanga y su \u00e1rea metropolitana, brindando una asesor\u00eda integral que garantiza que cada estructura se ajuste de manera precisa y efectiva a tus requerimientos. M\u00e1s que simplemente alquilar andamios, ofrecemos un valioso servicio de acompa\u00f1amiento y asesor\u00eda en el dise\u00f1o de andamios. Nuestro equipo de expertos trabaja codo a codo contigo para comprender las particularidades de tus labores y elaborar dise\u00f1os personalizados que maximicen la seguridad, eficiencia y practicidad de tu trabajo. Conf\u00eda en nosotros para obtener soluciones de andamiaje que no solo cumplen con los est\u00e1ndares de seguridad, sino que tambi\u00e9n optimizan tus operaciones. Tu \u00e9xito es nuestra prioridad, y estamos aqu\u00ed para convertir tus visiones en andamios s\u00f3lidos y confiables.<\/p>\t\t\t\t\t\t\t\t<\/div>\n\t\t\t\t<\/div>\n\t\t\t\t\t<\/div>\n\t\t<\/div>\n\t\t\t\t\t<\/div>\n\t\t<\/section>\n\t\t\t\t<section class=\"elementor-section elementor-top-section elementor-element elementor-element-2fed218 elementor-section-full_width elementor-section-stretched elementor-section-height-default elementor-section-height-default\" data-id=\"2fed218\" data-element_type=\"section\" data-settings=\"{&quot;stretch_section&quot;:&quot;section-stretched&quot;}\">\n\t\t\t\t\t\t<div class=\"elementor-container elementor-column-gap-default\">\n\t\t\t\t\t<div class=\"elementor-column elementor-col-100 elementor-top-column elementor-element elementor-element-8cebaca\" data-id=\"8cebaca\" data-element_type=\"column\">\n\t\t\t<div class=\"elementor-widget-wrap elementor-element-populated\">\n\t\t\t\t\t\t<div class=\"elementor-element elementor-element-1044e3d elementor-arrows-position-inside elementor-pagination-position-outside elementor-widget elementor-widget-image-carousel\" data-id=\"1044e3d\" data-element_type=\"widget\" data-settings=\"{&quot;navigation&quot;:&quot;both&quot;,&quot;autoplay&quot;:&quot;yes&quot;,&quot;pause_on_hover&quot;:&quot;yes&quot;,&quot;pause_on_interaction&quot;:&quot;yes&quot;,&quot;autoplay_speed&quot;:5000,&quot;infinite&quot;:&quot;yes&quot;,&quot;speed&quot;:500}\" data-widget_type=\"image-carousel.default\">\n\t\t\t\t<div class=\"elementor-widget-container\">\n\t\t\t\t\t\t\t<div class=\"elementor-image-carousel-wrapper swiper\" role=\"region\" aria-roledescription=\"carousel\" aria-label=\"Carrusel de im\u00e1genes\" dir=\"ltr\">\n\t\t\t<div class=\"elementor-image-carousel swiper-wrapper\" aria-live=\"off\">\n\t\t\t\t\t\t\t\t<div class=\"swiper-slide\" role=\"group\" aria-roledescription=\"slide\" aria-label=\"1 de 9\"><figure class=\"swiper-slide-inner\"><img decoding=\"async\" class=\"swiper-slide-image\" src=\"https:\/\/equiposcertificadosaltura.com\/wp-content\/uploads\/elementor\/thumbs\/6-mts-mas-baranda-de-3x140-con-ruedas-y-mensula-qe3krijadu79eeu9o06mhtz975mi0mi5ac25imbsm8.jpg\" alt=\"6 mts mas baranda de 3x1,40 con ruedas y mensula\" \/><\/figure><\/div><div class=\"swiper-slide\" role=\"group\" aria-roledescription=\"slide\" aria-label=\"2 de 9\"><figure class=\"swiper-slide-inner\"><img decoding=\"async\" class=\"swiper-slide-image\" src=\"https:\/\/equiposcertificadosaltura.com\/wp-content\/uploads\/elementor\/thumbs\/andamio-a-10-mts-de-3x3-con-ruedas-qe3krijadu79eeu9o06mhtz975mi0mi5ac25imbsm8.jpg\" alt=\"andamio a 10 mts de 3x3 con ruedas\" \/><\/figure><\/div><div class=\"swiper-slide\" role=\"group\" aria-roledescription=\"slide\" aria-label=\"3 de 9\"><figure class=\"swiper-slide-inner\"><img decoding=\"async\" class=\"swiper-slide-image\" src=\"https:\/\/equiposcertificadosaltura.com\/wp-content\/uploads\/elementor\/thumbs\/Andamio-certificado-a-10-mts-mas-baranda-de-3x140-con-ruedas-qe3krjh4ko8jq0swiil92bqpsjhv8blvmgpmzwaeg0.jpg\" alt=\"Andamio certificado a 10 mts mas baranda de 3x1,40 con ruedas\" \/><\/figure><\/div><div class=\"swiper-slide\" role=\"group\" aria-roledescription=\"slide\" aria-label=\"4 de 9\"><figure class=\"swiper-slide-inner\"><img decoding=\"async\" class=\"swiper-slide-image\" src=\"https:\/\/equiposcertificadosaltura.com\/wp-content\/uploads\/elementor\/thumbs\/andamio-certificado-bucaramanga-1-qe3krjh4ko8jq0swiil92bqpsjhv8blvmgpmzwaeg0.jpg\" alt=\"andamio certificado- bucaramanga\" \/><\/figure><\/div><div class=\"swiper-slide\" role=\"group\" aria-roledescription=\"slide\" aria-label=\"5 de 9\"><figure class=\"swiper-slide-inner\"><img decoding=\"async\" class=\"swiper-slide-image\" src=\"https:\/\/equiposcertificadosaltura.com\/wp-content\/uploads\/elementor\/thumbs\/andamio-certificado-clinica-comuneros-qe3krkeyri9u1mrjd0zvmti6dxd8g0plyld4h6909s.jpg\" alt=\"andamio certificado- clinica comuneros\" \/><\/figure><\/div><div class=\"swiper-slide\" role=\"group\" aria-roledescription=\"slide\" aria-label=\"6 de 9\"><figure class=\"swiper-slide-inner\"><img decoding=\"async\" class=\"swiper-slide-image\" src=\"https:\/\/equiposcertificadosaltura.com\/wp-content\/uploads\/elementor\/thumbs\/Andamio-certificado-con-escaleras-de-pasos-qe3krkeyri9u1mrjd0zvmti6dxd8g0plyld4h6909s.jpg\" alt=\"Andamio certificado con escaleras de pasos\" \/><\/figure><\/div><div class=\"swiper-slide\" role=\"group\" aria-roledescription=\"slide\" aria-label=\"7 de 9\"><figure class=\"swiper-slide-inner\"><img decoding=\"async\" class=\"swiper-slide-image\" src=\"https:\/\/equiposcertificadosaltura.com\/wp-content\/uploads\/elementor\/thumbs\/ANDAMIO-PARA-ENCOFRAR-COLUMNA-qe3krlcsycb4d8q67jei7b9mzb8lnptcaq0lyg7m3k.jpg\" alt=\"ANDAMIO PARA ENCOFRAR COLUMNA\" \/><\/figure><\/div><div class=\"swiper-slide\" role=\"group\" aria-roledescription=\"slide\" aria-label=\"8 de 9\"><figure class=\"swiper-slide-inner\"><img decoding=\"async\" class=\"swiper-slide-image\" src=\"https:\/\/equiposcertificadosaltura.com\/wp-content\/uploads\/elementor\/thumbs\/cacique-andamio-certificado-qe3krman56ceouot21t4rt13kp3yvex2muo3fq67xc.jpg\" alt=\"cacique andamio certificado\" \/><\/figure><\/div><div class=\"swiper-slide\" role=\"group\" aria-roledescription=\"slide\" aria-label=\"9 de 9\"><figure class=\"swiper-slide-inner\"><img decoding=\"async\" class=\"swiper-slide-image\" src=\"https:\/\/equiposcertificadosaltura.com\/wp-content\/uploads\/elementor\/thumbs\/TORRES-A-10-MTS-MAS-BARANDA-CON-PASARELA-DE-3x076-1-qe3krman56ceouot21t4rt13kp3yvex2muo3fq67xc.jpg\" alt=\"TORRES A 10 MTS MAS BARANDA CON PASARELA DE 3x0,76\" \/><\/figure><\/div>\t\t\t<\/div>\n\t\t\t\t\t\t\t\t\t\t\t\t<div class=\"elementor-swiper-button elementor-swiper-button-prev\" role=\"button\" tabindex=\"0\">\n\t\t\t\t\t\t<i aria-hidden=\"true\" class=\"eicon-chevron-left\"><\/i>\t\t\t\t\t<\/div>\n\t\t\t\t\t<div class=\"elementor-swiper-button elementor-swiper-button-next\" role=\"button\" tabindex=\"0\">\n\t\t\t\t\t\t<i aria-hidden=\"true\" class=\"eicon-chevron-right\"><\/i>\t\t\t\t\t<\/div>\n\t\t\t\t\n\t\t\t\t\t\t\t\t\t<div class=\"swiper-pagination\"><\/div>\n\t\t\t\t\t\t\t\t\t<\/div>\n\t\t\t\t\t\t<\/div>\n\t\t\t\t<\/div>\n\t\t\t\t\t<\/div>\n\t\t<\/div>\n\t\t\t\t\t<\/div>\n\t\t<\/section>\n\t\t\t\t<\/div>\n\t\t","protected":false},"excerpt":{"rendered":"<p>Dise\u00f1os Dise\u00f1o andamios certificados En SAPMAN SAS, entendemos la importancia de contar con andamios certificados multidireccionales que se adapten perfectamente a las necesidades espec\u00edficas de tus proyectos. Estamos para servir y acompa\u00f1ar al cliente en Rionegro, Llanogrande y municipios aleda\u00f1os en el departamento de Antioquia, asi como en Bucaramanga y su \u00e1rea metropolitana, brindando una [&hellip;]<\/p>\n","protected":false},"author":1,"featured_media":1234,"parent":0,"menu_order":0,"comment_status":"open","ping_status":"closed","template":"elementor_header_footer","meta":{"footnotes":"","_joinchat":[]},"yoast_head":"<!-- This site is optimized with the Yoast SEO plugin v22.2 - https:\/\/yoast.com\/wordpress\/plugins\/seo\/ -->\n<title>Dise\u00f1os Andamios multidireccionales certificados<\/title>\n<meta name=\"description\" content=\"Andamios certificados tanto en Rionegro, Llanogrande y municipios aleda\u00f1os en el departamento de Antioquia, al igual en Bucaramanga (Santander). M\u00e1s que un alquiler, proporcionamos asesor\u00eda en dise\u00f1o para garantizar seguridad y eficiencia en tus proyectos.\" \/>\n<meta name=\"robots\" content=\"index, follow, max-snippet:-1, max-image-preview:large, max-video-preview:-1\" \/>\n<link rel=\"canonical\" href=\"https:\/\/equiposcertificadosaltura.com\/index.php\/disenos\/\" \/>\n<meta property=\"og:locale\" content=\"es_ES\" \/>\n<meta property=\"og:type\" content=\"article\" \/>\n<meta property=\"og:title\" content=\"Dise\u00f1os Andamios multidireccionales certificados\" \/>\n<meta property=\"og:description\" content=\"Andamios certificados tanto en Rionegro, Llanogrande y municipios aleda\u00f1os en el departamento de Antioquia, al igual en Bucaramanga (Santander). M\u00e1s que un alquiler, proporcionamos asesor\u00eda en dise\u00f1o para garantizar seguridad y eficiencia en tus proyectos.\" \/>\n<meta property=\"og:url\" content=\"https:\/\/equiposcertificadosaltura.com\/index.php\/disenos\/\" \/>\n<meta property=\"og:site_name\" content=\"SAPMAN SAS\" \/>\n<meta property=\"article:modified_time\" content=\"2024-07-31T15:55:46+00:00\" \/>\n<meta property=\"og:image\" content=\"https:\/\/equiposcertificadosaltura.com\/wp-content\/uploads\/2023\/10\/andamio-certificado-bucaramanga-1.jpg\" \/>\n\t<meta property=\"og:image:width\" content=\"612\" \/>\n\t<meta property=\"og:image:height\" content=\"480\" \/>\n\t<meta property=\"og:image:type\" content=\"image\/jpeg\" \/>\n<meta name=\"twitter:card\" content=\"summary_large_image\" \/>\n<meta name=\"twitter:label1\" content=\"Tiempo de lectura\" \/>\n\t<meta name=\"twitter:data1\" content=\"3 minutos\" \/>\n<script type=\"application\/ld+json\" class=\"yoast-schema-graph\">{\"@context\":\"https:\/\/schema.org\",\"@graph\":[{\"@type\":\"WebPage\",\"@id\":\"https:\/\/equiposcertificadosaltura.com\/index.php\/disenos\/\",\"url\":\"https:\/\/equiposcertificadosaltura.com\/index.php\/disenos\/\",\"name\":\"Dise\u00f1os Andamios multidireccionales certificados\",\"isPartOf\":{\"@id\":\"https:\/\/equiposcertificadosaltura.com\/#website\"},\"primaryImageOfPage\":{\"@id\":\"https:\/\/equiposcertificadosaltura.com\/index.php\/disenos\/#primaryimage\"},\"image\":{\"@id\":\"https:\/\/equiposcertificadosaltura.com\/index.php\/disenos\/#primaryimage\"},\"thumbnailUrl\":\"https:\/\/equiposcertificadosaltura.com\/wp-content\/uploads\/2023\/10\/andamio-certificado-bucaramanga-1.jpg\",\"datePublished\":\"2023-08-17T20:18:28+00:00\",\"dateModified\":\"2024-07-31T15:55:46+00:00\",\"description\":\"Andamios certificados tanto en Rionegro, Llanogrande y municipios aleda\u00f1os en el departamento de Antioquia, al igual en Bucaramanga (Santander). M\u00e1s que un alquiler, proporcionamos asesor\u00eda en dise\u00f1o para garantizar seguridad y eficiencia en tus proyectos.\",\"breadcrumb\":{\"@id\":\"https:\/\/equiposcertificadosaltura.com\/index.php\/disenos\/#breadcrumb\"},\"inLanguage\":\"es\",\"potentialAction\":[{\"@type\":\"ReadAction\",\"target\":[\"https:\/\/equiposcertificadosaltura.com\/index.php\/disenos\/\"]}]},{\"@type\":\"ImageObject\",\"inLanguage\":\"es\",\"@id\":\"https:\/\/equiposcertificadosaltura.com\/index.php\/disenos\/#primaryimage\",\"url\":\"https:\/\/equiposcertificadosaltura.com\/wp-content\/uploads\/2023\/10\/andamio-certificado-bucaramanga-1.jpg\",\"contentUrl\":\"https:\/\/equiposcertificadosaltura.com\/wp-content\/uploads\/2023\/10\/andamio-certificado-bucaramanga-1.jpg\",\"width\":612,\"height\":480},{\"@type\":\"BreadcrumbList\",\"@id\":\"https:\/\/equiposcertificadosaltura.com\/index.php\/disenos\/#breadcrumb\",\"itemListElement\":[{\"@type\":\"ListItem\",\"position\":1,\"name\":\"Portada\",\"item\":\"https:\/\/equiposcertificadosaltura.com\/\"},{\"@type\":\"ListItem\",\"position\":2,\"name\":\"Dise\u00f1os\"}]},{\"@type\":\"WebSite\",\"@id\":\"https:\/\/equiposcertificadosaltura.com\/#website\",\"url\":\"https:\/\/equiposcertificadosaltura.com\/\",\"name\":\"SAPMAN SAS\",\"description\":\"Alquiler de Andamios certificados\",\"publisher\":{\"@id\":\"https:\/\/equiposcertificadosaltura.com\/#organization\"},\"potentialAction\":[{\"@type\":\"SearchAction\",\"target\":{\"@type\":\"EntryPoint\",\"urlTemplate\":\"https:\/\/equiposcertificadosaltura.com\/?s={search_term_string}\"},\"query-input\":\"required name=search_term_string\"}],\"inLanguage\":\"es\"},{\"@type\":\"Organization\",\"@id\":\"https:\/\/equiposcertificadosaltura.com\/#organization\",\"name\":\"SAPMAN SAS\",\"url\":\"https:\/\/equiposcertificadosaltura.com\/\",\"logo\":{\"@type\":\"ImageObject\",\"inLanguage\":\"es\",\"@id\":\"https:\/\/equiposcertificadosaltura.com\/#\/schema\/logo\/image\/\",\"url\":\"https:\/\/equiposcertificadosaltura.com\/wp-content\/uploads\/2023\/08\/Imagen-de-WhatsApp-2023-07-31-a-las-19.16.17.jpg\",\"contentUrl\":\"https:\/\/equiposcertificadosaltura.com\/wp-content\/uploads\/2023\/08\/Imagen-de-WhatsApp-2023-07-31-a-las-19.16.17.jpg\",\"width\":969,\"height\":356,\"caption\":\"SAPMAN SAS\"},\"image\":{\"@id\":\"https:\/\/equiposcertificadosaltura.com\/#\/schema\/logo\/image\/\"}}]}<\/script>\n<!-- \/ Yoast SEO plugin. -->","yoast_head_json":{"title":"Dise\u00f1os Andamios multidireccionales certificados","description":"Andamios certificados tanto en Rionegro, Llanogrande y municipios aleda\u00f1os en el departamento de Antioquia, al igual en Bucaramanga (Santander). M\u00e1s que un alquiler, proporcionamos asesor\u00eda en dise\u00f1o para garantizar seguridad y eficiencia en tus proyectos.","robots":{"index":"index","follow":"follow","max-snippet":"max-snippet:-1","max-image-preview":"max-image-preview:large","max-video-preview":"max-video-preview:-1"},"canonical":"https:\/\/equiposcertificadosaltura.com\/index.php\/disenos\/","og_locale":"es_ES","og_type":"article","og_title":"Dise\u00f1os Andamios multidireccionales certificados","og_description":"Andamios certificados tanto en Rionegro, Llanogrande y municipios aleda\u00f1os en el departamento de Antioquia, al igual en Bucaramanga (Santander). M\u00e1s que un alquiler, proporcionamos asesor\u00eda en dise\u00f1o para garantizar seguridad y eficiencia en tus proyectos.","og_url":"https:\/\/equiposcertificadosaltura.com\/index.php\/disenos\/","og_site_name":"SAPMAN SAS","article_modified_time":"2024-07-31T15:55:46+00:00","og_image":[{"width":612,"height":480,"url":"https:\/\/equiposcertificadosaltura.com\/wp-content\/uploads\/2023\/10\/andamio-certificado-bucaramanga-1.jpg","type":"image\/jpeg"}],"twitter_card":"summary_large_image","twitter_misc":{"Tiempo de lectura":"3 minutos"},"schema":{"@context":"https:\/\/schema.org","@graph":[{"@type":"WebPage","@id":"https:\/\/equiposcertificadosaltura.com\/index.php\/disenos\/","url":"https:\/\/equiposcertificadosaltura.com\/index.php\/disenos\/","name":"Dise\u00f1os Andamios multidireccionales certificados","isPartOf":{"@id":"https:\/\/equiposcertificadosaltura.com\/#website"},"primaryImageOfPage":{"@id":"https:\/\/equiposcertificadosaltura.com\/index.php\/disenos\/#primaryimage"},"image":{"@id":"https:\/\/equiposcertificadosaltura.com\/index.php\/disenos\/#primaryimage"},"thumbnailUrl":"https:\/\/equiposcertificadosaltura.com\/wp-content\/uploads\/2023\/10\/andamio-certificado-bucaramanga-1.jpg","datePublished":"2023-08-17T20:18:28+00:00","dateModified":"2024-07-31T15:55:46+00:00","description":"Andamios certificados tanto en Rionegro, Llanogrande y municipios aleda\u00f1os en el departamento de Antioquia, al igual en Bucaramanga (Santander). M\u00e1s que un alquiler, proporcionamos asesor\u00eda en dise\u00f1o para garantizar seguridad y eficiencia en tus proyectos.","breadcrumb":{"@id":"https:\/\/equiposcertificadosaltura.com\/index.php\/disenos\/#breadcrumb"},"inLanguage":"es","potentialAction":[{"@type":"ReadAction","target":["https:\/\/equiposcertificadosaltura.com\/index.php\/disenos\/"]}]},{"@type":"ImageObject","inLanguage":"es","@id":"https:\/\/equiposcertificadosaltura.com\/index.php\/disenos\/#primaryimage","url":"https:\/\/equiposcertificadosaltura.com\/wp-content\/uploads\/2023\/10\/andamio-certificado-bucaramanga-1.jpg","contentUrl":"https:\/\/equiposcertificadosaltura.com\/wp-content\/uploads\/2023\/10\/andamio-certificado-bucaramanga-1.jpg","width":612,"height":480},{"@type":"BreadcrumbList","@id":"https:\/\/equiposcertificadosaltura.com\/index.php\/disenos\/#breadcrumb","itemListElement":[{"@type":"ListItem","position":1,"name":"Portada","item":"https:\/\/equiposcertificadosaltura.com\/"},{"@type":"ListItem","position":2,"name":"Dise\u00f1os"}]},{"@type":"WebSite","@id":"https:\/\/equiposcertificadosaltura.com\/#website","url":"https:\/\/equiposcertificadosaltura.com\/","name":"SAPMAN SAS","description":"Alquiler de Andamios certificados","publisher":{"@id":"https:\/\/equiposcertificadosaltura.com\/#organization"},"potentialAction":[{"@type":"SearchAction","target":{"@type":"EntryPoint","urlTemplate":"https:\/\/equiposcertificadosaltura.com\/?s={search_term_string}"},"query-input":"required name=search_term_string"}],"inLanguage":"es"},{"@type":"Organization","@id":"https:\/\/equiposcertificadosaltura.com\/#organization","name":"SAPMAN SAS","url":"https:\/\/equiposcertificadosaltura.com\/","logo":{"@type":"ImageObject","inLanguage":"es","@id":"https:\/\/equiposcertificadosaltura.com\/#\/schema\/logo\/image\/","url":"https:\/\/equiposcertificadosaltura.com\/wp-content\/uploads\/2023\/08\/Imagen-de-WhatsApp-2023-07-31-a-las-19.16.17.jpg","contentUrl":"https:\/\/equiposcertificadosaltura.com\/wp-content\/uploads\/2023\/08\/Imagen-de-WhatsApp-2023-07-31-a-las-19.16.17.jpg","width":969,"height":356,"caption":"SAPMAN SAS"},"image":{"@id":"https:\/\/equiposcertificadosaltura.com\/#\/schema\/logo\/image\/"}}]}},"_links":{"self":[{"href":"https:\/\/equiposcertificadosaltura.com\/index.php\/wp-json\/wp\/v2\/pages\/200"}],"collection":[{"href":"https:\/\/equiposcertificadosaltura.com\/index.php\/wp-json\/wp\/v2\/pages"}],"about":[{"href":"https:\/\/equiposcertificadosaltura.com\/index.php\/wp-json\/wp\/v2\/types\/page"}],"author":[{"embeddable":true,"href":"https:\/\/equiposcertificadosaltura.com\/index.php\/wp-json\/wp\/v2\/users\/1"}],"replies":[{"embeddable":true,"href":"https:\/\/equiposcertificadosaltura.com\/index.php\/wp-json\/wp\/v2\/comments?post=200"}],"version-history":[{"count":57,"href":"https:\/\/equiposcertificadosaltura.com\/index.php\/wp-json\/wp\/v2\/pages\/200\/revisions"}],"predecessor-version":[{"id":1927,"href":"https:\/\/equiposcertificadosaltura.com\/index.php\/wp-json\/wp\/v2\/pages\/200\/revisions\/1927"}],"wp:featuredmedia":[{"embeddable":true,"href":"https:\/\/equiposcertificadosaltura.com\/index.php\/wp-json\/wp\/v2\/media\/1234"}],"wp:attachment":[{"href":"https:\/\/equiposcertificadosaltura.com\/index.php\/wp-json\/wp\/v2\/media?parent=200"}],"curies":[{"name":"wp","href":"https:\/\/api.w.org\/{rel}","templated":true}]}}